{"id":3626,"date":"2016-06-03T00:16:36","date_gmt":"2016-06-02T22:16:36","guid":{"rendered":"http:\/\/vignoblestjeannet.fr\/?page_id=3626"},"modified":"2026-04-30T20:46:19","modified_gmt":"2026-04-30T18:46:19","slug":"vin-rose-cuvee-du-pressoir-romain-rose","status":"publish","type":"page","link":"https:\/\/vignoblestjeannet.fr\/it\/vins\/vin-rose-cuvee-du-pressoir-romain-rose\/","title":{"rendered":"Le Pressoir Ros\u00e9 | Domaine des Hautes Collines"},"content":{"rendered":"\n<section class=\"dhc-subpage-hero\" style=\"background-image: linear-gradient(to bottom, rgba(44,36,32,0.95) 0%, rgba(44,36,32,0.4) 25%, transparent 40%), url('\/wp-content\/uploads\/2026\/04\/vignes.webp'); background-position: center bottom;\">\n  <div class=\"dhc-hero-overlay\">\n    <div class=\"dhc-hero-content\">\n      <span class=\"dhc-hero-badge\">La Cuv\u00e9e Pressoir Romain<\/span>\n      <h1>Le Pressoir Ros\u00e9<\/h1>\n      <p class=\"dhc-hero-subtitle\">Le fid\u00e8le compagnon des repas de l&rsquo;\u00e9t\u00e9<\/p>\n    <\/div>\n  <\/div>\n<\/section>\n\n<div class=\"dhc-breadcrumb\"><nav><a href=\"\/\">Accueil<\/a><span class=\"dhc-bc-sep\">\u203a<\/span><a href=\"\/vins\/\">Nos Vins<\/a><span class=\"dhc-bc-sep\">\u203a<\/span><span class=\"dhc-bc-current\">Pressoir Romain Ros\u00e9<\/span><\/nav><\/div>\n\n<section class=\"dhc-section dhc-section-cream\">\n  <div class=\"dhc-container\">\n    <div class=\"dhc-domaine-grid\">\n      <div class=\"dhc-domaine-image\">\n        <img decoding=\"async\" src=\"\/wp-content\/uploads\/2026\/04\/le-pressoir-romain-rose.webp\" alt=\"Cuv\u00e9e du Pressoir Romain Ros\u00e9\" loading=\"lazy\">\n      <\/div>\n      <div class=\"dhc-domaine-text\">\n        <span class=\"dhc-overline\">Cuv\u00e9e Pressoir Romain<\/span>\n        <h2 style=\"text-align:left;\">Le Pressoir Ros\u00e9<\/h2>\n        <div class=\"dhc-separator\" style=\"margin-left:0;\"><\/div>\n        <p>Apr\u00e8s une courte mac\u00e9ration, les baies \u00e9clat\u00e9es par le <strong>\u00ab pistage \u00bb ancestral au pied<\/strong> laissent se dissoudre les pigments color\u00e9s de la pellicule.<\/p>\n        <p>Ce vin de teinte vive, avec un nez fruit\u00e9, d\u00e8s la premi\u00e8re gorg\u00e9e s&rsquo;exalte en bouche. Gr\u00e2ce \u00e0 son fruit\u00e9 et \u00e0 sa fra\u00eecheur il sera le <strong>fid\u00e8le compagnon des repas de l&rsquo;\u00e9t\u00e9<\/strong>.<\/p>\n      <\/div>\n    <\/div>\n  <\/div>\n<\/section>\n\n<section class=\"dhc-section dhc-section-white\">\n  <div class=\"dhc-container\">\n    <div class=\"dhc-visite-grid\" style=\"max-width:900px; margin:0 auto;\">\n      <div class=\"dhc-info-card\" style=\"text-align:center; padding:2.5rem;\">\n        <h3>\ud83c\udf7d\ufe0f Accord mets \/ vin<\/h3>\n        <p>Cuisine proven\u00e7ale<\/p>\n      <\/div>\n      <div class=\"dhc-info-card\" style=\"text-align:center; padding:2.5rem;\">\n        <h3>\ud83c\udf7e Format<\/h3>\n        <p>Bouteille de 75cl<br>Existe \u00e9galement en magnum<\/p>\n      <\/div>\n      <div class=\"dhc-info-card\" style=\"text-align:center; padding:2.5rem;\">\n        <h3>\ud83d\udcb0 Prix<\/h3>\n        <p style=\"font-size:1.4rem; color:#6B2D3E; font-weight:700;\">15\u20ac <span style=\"font-size:0.9rem; font-weight:400; color:#5a4a40;\">la bouteille<\/span><\/p>\n      <\/div>\n    <\/div>\n  <\/div>\n<\/section>\n\n<section class=\"dhc-section dhc-section-cream\">\n  <div class=\"dhc-container\">\n    <div class=\"dhc-section-header\">\n      <span class=\"dhc-overline\">\u00c0 d\u00e9couvrir aussi<\/span>\n      <h2>Les autres cuv\u00e9es Pressoir Romain<\/h2>\n      <div class=\"dhc-separator\"><\/div>\n    <\/div>\n    <div class=\"dhc-visite-grid\" style=\"max-width:700px; margin:2rem auto 0;\">\n      <div class=\"dhc-info-card\" style=\"text-align:center; padding:2rem;\">\n        <h3>\ud83c\udf77 Le Pressoir Blanc<\/h3>\n        <a href=\"\/vins\/vin-blanc-cuvee-pressoir-romain-blanc\/\" class=\"dhc-btn-outline\" style=\"margin-top:1rem;\">D\u00e9couvrir<\/a>\n      <\/div>\n      <div class=\"dhc-info-card\" style=\"text-align:center; padding:2rem;\">\n        <h3>\ud83c\udf77 Le Pressoir Rouge<\/h3>\n        <a href=\"\/vins\/vin-rouge-cuvee-pressoir-romain\/\" class=\"dhc-btn-outline\" style=\"margin-top:1rem;\">D\u00e9couvrir<\/a>\n      <\/div>\n    <\/div>\n    <div style=\"text-align:center; margin-top:2rem;\">\n      <a href=\"\/vins\/\" class=\"dhc-btn-outline\">Voir tous nos vins<\/a>\n      <a href=\"\/degustation-vin-saint-jeannet\/\" class=\"dhc-btn-gold\" style=\"margin-left:1rem;\">R\u00e9server une d\u00e9gustation<\/a>\n    <\/div>\n  <\/div>\n<\/section>\n\n\n<section class=\"dhc-wines-slider\">\n  <div class=\"dhc-container\">\n    <div class=\"dhc-section-header\">\n      <span class=\"dhc-overline\">Nos cuv\u00e9es<\/span>\n      <h2>D\u00e9couvrez tous nos vins<\/h2>\n      <div class=\"dhc-separator\"><\/div>\n    <\/div>\n    <div class=\"dhc-wines-slider-track\" id=\"dhc-slider\">\n      <a href=\"\/vins\/vin-blanc-cuvee-pressoir-romain-blanc\/\" class=\"dhc-wine-slide\" data-slug=\"vin-blanc-cuvee-pressoir-romain-blanc\">\n        <div class=\"dhc-wine-slide-img\"><img decoding=\"async\" src=\"\/wp-content\/uploads\/2026\/04\/cuvee-pressoir-romain-blanc.webp\" alt=\"Le Pressoir Blanc\" loading=\"lazy\"><\/div>\n        <span class=\"dhc-wine-slide-name\">Le Pressoir Blanc<\/span>\n        <span class=\"dhc-wine-slide-type\">Blanc<\/span>\n        <span class=\"dhc-wine-slide-price\">20\u20ac<\/span>\n      <\/a>\n      <a href=\"\/vins\/vin-rose-cuvee-du-pressoir-romain-rose\/\" class=\"dhc-wine-slide dhc-wine-slide-current\" data-slug=\"vin-rose-cuvee-du-pressoir-romain-rose\">\n        <div class=\"dhc-wine-slide-img\"><img decoding=\"async\" src=\"\/wp-content\/uploads\/2026\/04\/le-pressoir-romain-rose.webp\" alt=\"Le Pressoir Ros\u00e9\" loading=\"lazy\"><\/div>\n        <span class=\"dhc-wine-slide-name\">Le Pressoir Ros\u00e9<\/span>\n        <span class=\"dhc-wine-slide-type\">Ros\u00e9<\/span>\n        <span class=\"dhc-wine-slide-price\">15\u20ac<\/span>\n      <\/a>\n      <a href=\"\/vins\/vin-rouge-cuvee-pressoir-romain\/\" class=\"dhc-wine-slide\" data-slug=\"vin-rouge-cuvee-pressoir-romain\">\n        <div class=\"dhc-wine-slide-img\"><img decoding=\"async\" src=\"\/wp-content\/uploads\/2026\/04\/le-pressoir-romain-rouge.webp\" alt=\"Le Pressoir Rouge\" loading=\"lazy\"><\/div>\n        <span class=\"dhc-wine-slide-name\">Le Pressoir Rouge<\/span>\n        <span class=\"dhc-wine-slide-type\">Rouge<\/span>\n        <span class=\"dhc-wine-slide-price\">20\u20ac<\/span>\n      <\/a>\n      <a href=\"\/vins\/vin-rouge-cuvee-longo-mai\/\" class=\"dhc-wine-slide\" data-slug=\"vin-rouge-cuvee-longo-mai\">\n        <div class=\"dhc-wine-slide-img\"><img decoding=\"async\" src=\"\/wp-content\/uploads\/2026\/04\/cuvee-longo-mai.webp\" alt=\"Cuv\u00e9e Longo Ma\u00ef\" loading=\"lazy\"><\/div>\n        <span class=\"dhc-wine-slide-name\">Cuv\u00e9e Longo Ma\u00ef<\/span>\n        <span class=\"dhc-wine-slide-type\">Rouge \u00b7 Grande Garde<\/span>\n        <span class=\"dhc-wine-slide-price\">32\u20ac<\/span>\n      <\/a>\n      <a href=\"\/vins\/vin-rose-tuile-de-saint-jeannet\/\" class=\"dhc-wine-slide\" data-slug=\"vin-rose-tuile-de-saint-jeannet\">\n        <div class=\"dhc-wine-slide-img\"><img decoding=\"async\" src=\"\/wp-content\/uploads\/2026\/04\/4.webp\" alt=\"Tuil\u00e9 de St Jeannet\" loading=\"lazy\"><\/div>\n        <span class=\"dhc-wine-slide-name\">Tuil\u00e9 de St Jeannet<\/span>\n        <span class=\"dhc-wine-slide-type\">Tuil\u00e9 \u00b7 Grande Garde<\/span>\n        <span class=\"dhc-wine-slide-price\">20\u20ac<\/span>\n      <\/a>\n      <a href=\"\/vins\/vin-blanc-cuvee-prestige\/\" class=\"dhc-wine-slide\" data-slug=\"vin-blanc-cuvee-prestige\">\n        <div class=\"dhc-wine-slide-img\"><img decoding=\"async\" src=\"\/wp-content\/uploads\/2026\/04\/2.webp\" alt=\"Blanc Prestige\" loading=\"lazy\"><\/div>\n        <span class=\"dhc-wine-slide-name\">Blanc Prestige<\/span>\n        <span class=\"dhc-wine-slide-type\">Blanc \u00b7 Grande Garde<\/span>\n        <span class=\"dhc-wine-slide-price\">22\u20ac<\/span>\n      <\/a>\n      <a href=\"\/vins\/vin-moelleux-muscat-dore\/\" class=\"dhc-wine-slide\" data-slug=\"vin-moelleux-muscat-dore\">\n        <div class=\"dhc-wine-slide-img\"><img decoding=\"async\" src=\"\/wp-content\/uploads\/2026\/04\/muscat-dore.webp\" alt=\"Le Muscat Dor\u00e9\" loading=\"lazy\"><\/div>\n        <span class=\"dhc-wine-slide-name\">Le Muscat Dor\u00e9<\/span>\n        <span class=\"dhc-wine-slide-type\">Moelleux<\/span>\n        <span class=\"dhc-wine-slide-price\">20\u20ac \u00b7 50cl<\/span>\n      <\/a>\n      <a href=\"\/vins\/vin-moelleux-vendanges-tardives\/\" class=\"dhc-wine-slide\" data-slug=\"vin-moelleux-vendanges-tardives\">\n        <div class=\"dhc-wine-slide-img\"><img decoding=\"async\" src=\"\/wp-content\/uploads\/2026\/04\/vendanges-tardives.webp\" alt=\"Vendanges Tardives\" loading=\"lazy\"><\/div>\n        <span class=\"dhc-wine-slide-name\">Vendanges Tardives<\/span>\n        <span class=\"dhc-wine-slide-type\">Moelleux<\/span>\n        <span class=\"dhc-wine-slide-price\">40\u20ac \u00b7 37,5cl<\/span>\n      <\/a>\n      <a href=\"\/vins\/vin-moelleux-rancio\/\" class=\"dhc-wine-slide\" data-slug=\"vin-moelleux-rancio\">\n        <div class=\"dhc-wine-slide-img\"><img decoding=\"async\" src=\"\/wp-content\/uploads\/2026\/04\/Le-rancio.webp\" alt=\"Le Rancio\" loading=\"lazy\"><\/div>\n        <span class=\"dhc-wine-slide-name\">Le Rancio<\/span>\n        <span class=\"dhc-wine-slide-type\">Doux<\/span>\n        <span class=\"dhc-wine-slide-price\">40\u20ac \u00b7 37,5cl<\/span>\n      <\/a>\n    <\/div>\n    <div class=\"dhc-slider-nav\">\n      <button class=\"dhc-slider-arrow\" onclick=\"document.getElementById('dhc-slider').scrollBy({left:-240,behavior:'smooth'})\">\u2190<\/button>\n      <button class=\"dhc-slider-arrow\" onclick=\"document.getElementById('dhc-slider').scrollBy({left:240,behavior:'smooth'})\">\u2192<\/button>\n    <\/div>\n  <\/div>\n<\/section>\n\n<script type=\"application\/ld+json\">\n{\n  \"@context\": \"https:\/\/schema.org\",\n  \"@type\": \"Product\",\n  \"name\": \"Cuv\u00e9e du Pressoir Romain Ros\u00e9\",\n  \"description\": \"Ros\u00e9 de teinte vive au nez fruit\u00e9. Pistage ancestral au pied, courte mac\u00e9ration. Fruit\u00e9 et fra\u00eecheur, compagnon id\u00e9al des repas d'\u00e9t\u00e9.\",\n  \"image\": \"https:\/\/vignoblestjeannet.fr\/wp-content\/uploads\/2026\/04\/le-pressoir-romain-rose.webp\",\n  \"url\": \"https:\/\/vignoblestjeannet.fr\/vins\/vin-rose-cuvee-du-pressoir-romain-rose\/\",\n  \"brand\": {\"@type\": \"Brand\", \"name\": \"Domaine des Hautes Collines\"},\n  \"manufacturer\": {\"@type\": \"Winery\", \"name\": \"Domaine des Hautes Collines\", \"address\": {\"@type\": \"PostalAddress\", \"streetAddress\": \"800 chemin des Sausses\", \"addressLocality\": \"Saint-Jeannet\", \"postalCode\": \"06640\", \"addressCountry\": \"FR\"}, \"telephone\": \"+33608962460\"},\n  \"offers\": {\"@type\": \"Offer\", \"price\": \"15\", \"priceCurrency\": \"EUR\", \"availability\": \"https:\/\/schema.org\/InStock\"},\n  \"category\": \"Vin ros\u00e9\",\n  \"additionalProperty\": [\n    {\"@type\": \"PropertyValue\", \"name\": \"Accords\", \"value\": \"Cuisine proven\u00e7ale\"},\n    {\"@type\": \"PropertyValue\", \"name\": \"Format\", \"value\": \"75cl et magnum\"}\n  ]\n}\n<\/script>\n","protected":false},"excerpt":{"rendered":"<p>La Cuv\u00e9e Pressoir Romain Le Pressoir Ros\u00e9 Le fid\u00e8le compagnon des repas de l&rsquo;\u00e9t\u00e9 Accueil\u203aNos Vins\u203aPressoir Romain Ros\u00e9 Cuv\u00e9e Pressoir Romain Le Pressoir Ros\u00e9 Apr\u00e8s une courte mac\u00e9ration, les baies \u00e9clat\u00e9es par le \u00ab pistage \u00bb ancestral au pied laissent se dissoudre les pigments color\u00e9s de la pellicule. Ce vin de teinte vive, avec un&#8230;<\/p>","protected":false},"author":1,"featured_media":0,"parent":3505,"menu_order":0,"comment_status":"closed","ping_status":"closed","template":"","meta":{"_kad_post_transparent":"","_kad_post_title":"hide","_kad_post_layout":"","_kad_post_sidebar_id":"","_kad_post_content_style":"","_kad_post_vertical_padding":"","_kad_post_feature":"","_kad_post_feature_position":"","_kad_post_header":false,"_kad_post_footer":false,"_kad_post_classname":"","footnotes":""},"class_list":["post-3626","page","type-page","status-publish","hentry"],"_links":{"self":[{"href":"https:\/\/vignoblestjeannet.fr\/it\/wp-json\/wp\/v2\/pages\/3626","targetHints":{"allow":["GET"]}}],"collection":[{"href":"https:\/\/vignoblestjeannet.fr\/it\/wp-json\/wp\/v2\/pages"}],"about":[{"href":"https:\/\/vignoblestjeannet.fr\/it\/wp-json\/wp\/v2\/types\/page"}],"author":[{"embeddable":true,"href":"https:\/\/vignoblestjeannet.fr\/it\/wp-json\/wp\/v2\/users\/1"}],"replies":[{"embeddable":true,"href":"https:\/\/vignoblestjeannet.fr\/it\/wp-json\/wp\/v2\/comments?post=3626"}],"version-history":[{"count":21,"href":"https:\/\/vignoblestjeannet.fr\/it\/wp-json\/wp\/v2\/pages\/3626\/revisions"}],"predecessor-version":[{"id":4625,"href":"https:\/\/vignoblestjeannet.fr\/it\/wp-json\/wp\/v2\/pages\/3626\/revisions\/4625"}],"up":[{"embeddable":true,"href":"https:\/\/vignoblestjeannet.fr\/it\/wp-json\/wp\/v2\/pages\/3505"}],"wp:attachment":[{"href":"https:\/\/vignoblestjeannet.fr\/it\/wp-json\/wp\/v2\/media?parent=3626"}],"curies":[{"name":"wp","href":"https:\/\/api.w.org\/{rel}","templated":true}]}}