{"id":3621,"date":"2016-06-02T23:41:17","date_gmt":"2016-06-02T21:41:17","guid":{"rendered":"http:\/\/vignoblestjeannet.fr\/?page_id=3621"},"modified":"2026-04-30T20:46:20","modified_gmt":"2026-04-30T18:46:20","slug":"vin-rose-tuile-de-saint-jeannet","status":"publish","type":"page","link":"https:\/\/vignoblestjeannet.fr\/es\/vins\/vin-rose-tuile-de-saint-jeannet\/","title":{"rendered":"Techo de tejas de San Juan | Domaine des Hautes Collines"},"content":{"rendered":"\n<section class=\"dhc-subpage-hero\" style=\"background-image: linear-gradient(to bottom, rgba(44,36,32,0.95) 0%, rgba(44,36,32,0.4) 25%, transparent 40%), url('\/wp-content\/uploads\/2026\/04\/vignes.webp'); background-position: center bottom;\">\n  <div class=\"dhc-hero-overlay\">\n    <div class=\"dhc-hero-content\">\n      <span class=\"dhc-hero-badge\">Cuv\u00e9e de Grande Garde<\/span>\n      <h1>Tuil\u00e9 de St Jeannet<\/h1>\n      <p class=\"dhc-hero-subtitle\">Une vieille tradition Saint-Jeannoise aux ar\u00f4mes de mad\u00e8re<\/p>\n    <\/div>\n  <\/div>\n<\/section>\n<div class=\"dhc-breadcrumb\"><nav><a href=\"\/\">Accueil<\/a><span class=\"dhc-bc-sep\">\u203a<\/span><a href=\"\/vins\/\">Nos Vins<\/a><span class=\"dhc-bc-sep\">\u203a<\/span><span class=\"dhc-bc-current\">Tuil\u00e9 de Saint-Jeannet<\/span><\/nav><\/div>\n<section class=\"dhc-section dhc-section-cream\">\n  <div class=\"dhc-container\">\n    <div class=\"dhc-domaine-grid\">\n      <div class=\"dhc-domaine-image\">\n        <img decoding=\"async\" src=\"\/wp-content\/uploads\/2026\/04\/4.webp\" alt=\"Tuil\u00e9 de Saint-Jeannet\" loading=\"lazy\">\n      <\/div>\n      <div class=\"dhc-domaine-text\">\n        <span class=\"dhc-overline\">Cuv\u00e9e de Grande Garde<\/span>\n        <h2 style=\"text-align:left;\">Tuil\u00e9 de St Jeannet<\/h2>\n        <div class=\"dhc-separator\" style=\"margin-left:0;\"><\/div>\n        <p>C&rsquo;est une vieille tradition St Jeannoise qui permet d&rsquo;\u00e9laborer ce vin tr\u00e8s typ\u00e9 qui peut remplacer un rouge. Elle consiste \u00e0 <strong>\u00e9lever le vin en bonbonne au soleil pendant 6 \u00e0 8 mois<\/strong> selon l&rsquo;ensoleillement pour le stabiliser naturellement et lui donner des <strong>ar\u00f4mes de mad\u00e8re, \u00e9pice<\/strong>, exceptionnel !<\/p>\n        <p>\u00c0 d\u00e9guster sur des <strong>plats \u00e9pic\u00e9s ou des grillades<\/strong>.<\/p>\n      <\/div>\n    <\/div>\n  <\/div>\n<\/section>\n<section class=\"dhc-section dhc-section-white\">\n  <div class=\"dhc-container\">\n    <div class=\"dhc-visite-grid\" style=\"max-width:900px; margin:0 auto;\">\n      <div class=\"dhc-info-card\" style=\"text-align:center; padding:2.5rem;\">\n        <h3>\ud83c\udf7d\ufe0f Accord mets \/ vin<\/h3>\n        <p>Plats \u00e9pic\u00e9s en toutes saisons<\/p>\n      <\/div>\n      <div class=\"dhc-info-card\" style=\"text-align:center; padding:2.5rem;\">\n        <h3>\ud83c\udf7e Format<\/h3>\n        <p>Bouteille de 75cl<br>Existe \u00e9galement en Magnum 1,5L<\/p>\n      <\/div>\n      <div class=\"dhc-info-card\" style=\"text-align:center; padding:2.5rem;\">\n        <h3>\ud83d\udcb0 Prix<\/h3>\n        <p style=\"font-size:1.4rem; color:#6B2D3E; font-weight:700;\">20\u20ac <span style=\"font-size:0.9rem; font-weight:400; color:#5a4a40;\">la bouteille<\/span><\/p>\n      <\/div>\n    <\/div>\n  <\/div>\n<\/section>\n<section class=\"dhc-section dhc-section-cream\">\n  <div class=\"dhc-container\">\n    <div class=\"dhc-section-header\">\n      <span class=\"dhc-overline\">\u00c0 d\u00e9couvrir aussi<\/span>\n      <h2>Les Cuv\u00e9es de Grande Garde<\/h2>\n      <div class=\"dhc-separator\"><\/div>\n    <\/div>\n    <div class=\"dhc-visite-grid\" style=\"max-width:700px; margin:2rem auto 0;\">\n      <div class=\"dhc-info-card\" style=\"text-align:center; padding:2rem;\">\n        <h3>\ud83c\udf77 Cuv\u00e9e Longo Ma\u00ef<\/h3>\n        <a href=\"\/vins\/vin-rouge-cuvee-longo-mai\/\" class=\"dhc-btn-outline\" style=\"margin-top:1rem;\">D\u00e9couvrir<\/a>\n      <\/div>\n      <div class=\"dhc-info-card\" style=\"text-align:center; padding:2rem;\">\n        <h3>\ud83c\udf77 Blanc Prestige<\/h3>\n        <a href=\"\/vins\/vin-blanc-cuvee-prestige\/\" class=\"dhc-btn-outline\" style=\"margin-top:1rem;\">D\u00e9couvrir<\/a>\n      <\/div>\n    <\/div>\n    <div style=\"text-align:center; margin-top:2rem;\">\n      <a href=\"\/vins\/\" class=\"dhc-btn-outline\">Voir tous nos vins<\/a>\n      <a href=\"\/degustation-vin-saint-jeannet\/\" class=\"dhc-btn-gold\" style=\"margin-left:1rem;\">R\u00e9server une d\u00e9gustation<\/a>\n    <\/div>\n  <\/div>\n<\/section>\n\n<section class=\"dhc-wines-slider\">\n  <div class=\"dhc-container\">\n    <div class=\"dhc-section-header\">\n      <span class=\"dhc-overline\">Nos cuv\u00e9es<\/span>\n      <h2>D\u00e9couvrez tous nos vins<\/h2>\n      <div class=\"dhc-separator\"><\/div>\n    <\/div>\n    <div class=\"dhc-wines-slider-track\" id=\"dhc-slider\">\n      <a href=\"\/vins\/vin-blanc-cuvee-pressoir-romain-blanc\/\" class=\"dhc-wine-slide\" data-slug=\"vin-blanc-cuvee-pressoir-romain-blanc\">\n        <div class=\"dhc-wine-slide-img\"><img decoding=\"async\" src=\"\/wp-content\/uploads\/2026\/04\/cuvee-pressoir-romain-blanc.webp\" alt=\"Le Pressoir Blanc\" loading=\"lazy\"><\/div>\n        <span class=\"dhc-wine-slide-name\">Le Pressoir Blanc<\/span>\n        <span class=\"dhc-wine-slide-type\">Blanc<\/span>\n        <span class=\"dhc-wine-slide-price\">20\u20ac<\/span>\n      <\/a>\n      <a href=\"\/vins\/vin-rose-cuvee-du-pressoir-romain-rose\/\" class=\"dhc-wine-slide\" data-slug=\"vin-rose-cuvee-du-pressoir-romain-rose\">\n        <div class=\"dhc-wine-slide-img\"><img decoding=\"async\" src=\"\/wp-content\/uploads\/2026\/04\/le-pressoir-romain-rose.webp\" alt=\"Le Pressoir Ros\u00e9\" loading=\"lazy\"><\/div>\n        <span class=\"dhc-wine-slide-name\">Le Pressoir Ros\u00e9<\/span>\n        <span class=\"dhc-wine-slide-type\">Ros\u00e9<\/span>\n        <span class=\"dhc-wine-slide-price\">15\u20ac<\/span>\n      <\/a>\n      <a href=\"\/vins\/vin-rouge-cuvee-pressoir-romain\/\" class=\"dhc-wine-slide\" data-slug=\"vin-rouge-cuvee-pressoir-romain\">\n        <div class=\"dhc-wine-slide-img\"><img decoding=\"async\" src=\"\/wp-content\/uploads\/2026\/04\/le-pressoir-romain-rouge.webp\" alt=\"Le Pressoir Rouge\" loading=\"lazy\"><\/div>\n        <span class=\"dhc-wine-slide-name\">Le Pressoir Rouge<\/span>\n        <span class=\"dhc-wine-slide-type\">Rouge<\/span>\n        <span class=\"dhc-wine-slide-price\">20\u20ac<\/span>\n      <\/a>\n      <a href=\"\/vins\/vin-rouge-cuvee-longo-mai\/\" class=\"dhc-wine-slide\" data-slug=\"vin-rouge-cuvee-longo-mai\">\n        <div class=\"dhc-wine-slide-img\"><img decoding=\"async\" src=\"\/wp-content\/uploads\/2026\/04\/cuvee-longo-mai.webp\" alt=\"Cuv\u00e9e Longo Ma\u00ef\" loading=\"lazy\"><\/div>\n        <span class=\"dhc-wine-slide-name\">Cuv\u00e9e Longo Ma\u00ef<\/span>\n        <span class=\"dhc-wine-slide-type\">Rouge \u00b7 Grande Garde<\/span>\n        <span class=\"dhc-wine-slide-price\">32\u20ac<\/span>\n      <\/a>\n      <a href=\"\/vins\/vin-rose-tuile-de-saint-jeannet\/\" class=\"dhc-wine-slide dhc-wine-slide-current\" data-slug=\"vin-rose-tuile-de-saint-jeannet\">\n        <div class=\"dhc-wine-slide-img\"><img decoding=\"async\" src=\"\/wp-content\/uploads\/2026\/04\/4.webp\" alt=\"Tuil\u00e9 de St Jeannet\" loading=\"lazy\"><\/div>\n        <span class=\"dhc-wine-slide-name\">Tuil\u00e9 de St Jeannet<\/span>\n        <span class=\"dhc-wine-slide-type\">Tuil\u00e9 \u00b7 Grande Garde<\/span>\n        <span class=\"dhc-wine-slide-price\">20\u20ac<\/span>\n      <\/a>\n      <a href=\"\/vins\/vin-blanc-cuvee-prestige\/\" class=\"dhc-wine-slide\" data-slug=\"vin-blanc-cuvee-prestige\">\n        <div class=\"dhc-wine-slide-img\"><img decoding=\"async\" src=\"\/wp-content\/uploads\/2026\/04\/2.webp\" alt=\"Blanc Prestige\" loading=\"lazy\"><\/div>\n        <span class=\"dhc-wine-slide-name\">Blanc Prestige<\/span>\n        <span class=\"dhc-wine-slide-type\">Blanc \u00b7 Grande Garde<\/span>\n        <span class=\"dhc-wine-slide-price\">22\u20ac<\/span>\n      <\/a>\n      <a href=\"\/vins\/vin-moelleux-muscat-dore\/\" class=\"dhc-wine-slide\" data-slug=\"vin-moelleux-muscat-dore\">\n        <div class=\"dhc-wine-slide-img\"><img decoding=\"async\" src=\"\/wp-content\/uploads\/2026\/04\/muscat-dore.webp\" alt=\"Le Muscat Dor\u00e9\" loading=\"lazy\"><\/div>\n        <span class=\"dhc-wine-slide-name\">Le Muscat Dor\u00e9<\/span>\n        <span class=\"dhc-wine-slide-type\">Moelleux<\/span>\n        <span class=\"dhc-wine-slide-price\">20\u20ac \u00b7 50cl<\/span>\n      <\/a>\n      <a href=\"\/vins\/vin-moelleux-vendanges-tardives\/\" class=\"dhc-wine-slide\" data-slug=\"vin-moelleux-vendanges-tardives\">\n        <div class=\"dhc-wine-slide-img\"><img decoding=\"async\" src=\"\/wp-content\/uploads\/2026\/04\/vendanges-tardives.webp\" alt=\"Vendanges Tardives\" loading=\"lazy\"><\/div>\n        <span class=\"dhc-wine-slide-name\">Vendanges Tardives<\/span>\n        <span class=\"dhc-wine-slide-type\">Moelleux<\/span>\n        <span class=\"dhc-wine-slide-price\">40\u20ac \u00b7 37,5cl<\/span>\n      <\/a>\n      <a href=\"\/vins\/vin-moelleux-rancio\/\" class=\"dhc-wine-slide\" data-slug=\"vin-moelleux-rancio\">\n        <div class=\"dhc-wine-slide-img\"><img decoding=\"async\" src=\"\/wp-content\/uploads\/2026\/04\/Le-rancio.webp\" alt=\"Le Rancio\" loading=\"lazy\"><\/div>\n        <span class=\"dhc-wine-slide-name\">Le Rancio<\/span>\n        <span class=\"dhc-wine-slide-type\">Doux<\/span>\n        <span class=\"dhc-wine-slide-price\">40\u20ac \u00b7 37,5cl<\/span>\n      <\/a>\n    <\/div>\n    <div class=\"dhc-slider-nav\">\n      <button class=\"dhc-slider-arrow\" onclick=\"document.getElementById('dhc-slider').scrollBy({left:-240,behavior:'smooth'})\">\u2190<\/button>\n      <button class=\"dhc-slider-arrow\" onclick=\"document.getElementById('dhc-slider').scrollBy({left:240,behavior:'smooth'})\">\u2192<\/button>\n    <\/div>\n  <\/div>\n<\/section>\n\n<script type=\"application\/ld+json\">\n{\"@context\":\"https:\/\/schema.org\",\"@type\":\"Product\",\"name\":\"Tuil\u00e9 de Saint-Jeannet\",\"description\":\"Tradition St Jeannoise. \u00c9lev\u00e9 en bonbonne au soleil 6 \u00e0 8 mois. Ar\u00f4mes de mad\u00e8re et \u00e9pices. Vin tr\u00e8s typ\u00e9 pouvant remplacer un rouge.\",\"image\":\"https:\/\/vignoblestjeannet.fr\/wp-content\/uploads\/2026\/04\/4.webp\",\"url\":\"https:\/\/vignoblestjeannet.fr\/vins\/vin-rose-tuile-de-saint-jeannet\/\",\"brand\":{\"@type\":\"Brand\",\"name\":\"Domaine des Hautes Collines\"},\"manufacturer\":{\"@type\":\"Winery\",\"name\":\"Domaine des Hautes Collines\",\"address\":{\"@type\":\"PostalAddress\",\"streetAddress\":\"800 chemin des Sausses\",\"addressLocality\":\"Saint-Jeannet\",\"postalCode\":\"06640\",\"addressCountry\":\"FR\"},\"telephone\":\"+33608962460\"},\"offers\":{\"@type\":\"Offer\",\"price\":\"20\",\"priceCurrency\":\"EUR\",\"availability\":\"https:\/\/schema.org\/InStock\"},\"category\":\"Vin tuil\u00e9\",\"additionalProperty\":[{\"@type\":\"PropertyValue\",\"name\":\"\u00c9levage\",\"value\":\"6-8 mois en bonbonne au soleil\"},{\"@type\":\"PropertyValue\",\"name\":\"Accords\",\"value\":\"Plats \u00e9pic\u00e9s en toutes saisons\"},{\"@type\":\"PropertyValue\",\"name\":\"Format\",\"value\":\"75cl et magnum 1,5L\"}]}\n<\/script>\n","protected":false},"excerpt":{"rendered":"<p>Cuv\u00e9e de Grande Garde Tuil\u00e9 de St Jeannet Une vieille tradition Saint-Jeannoise aux ar\u00f4mes de mad\u00e8re Accueil\u203aNos Vins\u203aTuil\u00e9 de Saint-Jeannet Cuv\u00e9e de Grande Garde Tuil\u00e9 de St Jeannet C&rsquo;est une vieille tradition St Jeannoise qui permet d&rsquo;\u00e9laborer ce vin tr\u00e8s typ\u00e9 qui peut remplacer un rouge. Elle consiste \u00e0 \u00e9lever le vin en bonbonne au&#8230;<\/p>","protected":false},"author":1,"featured_media":0,"parent":3505,"menu_order":0,"comment_status":"closed","ping_status":"closed","template":"","meta":{"_kad_post_transparent":"","_kad_post_title":"hide","_kad_post_layout":"","_kad_post_sidebar_id":"","_kad_post_content_style":"","_kad_post_vertical_padding":"","_kad_post_feature":"","_kad_post_feature_position":"","_kad_post_header":false,"_kad_post_footer":false,"_kad_post_classname":"","footnotes":""},"class_list":["post-3621","page","type-page","status-publish","hentry"],"_links":{"self":[{"href":"https:\/\/vignoblestjeannet.fr\/es\/wp-json\/wp\/v2\/pages\/3621","targetHints":{"allow":["GET"]}}],"collection":[{"href":"https:\/\/vignoblestjeannet.fr\/es\/wp-json\/wp\/v2\/pages"}],"about":[{"href":"https:\/\/vignoblestjeannet.fr\/es\/wp-json\/wp\/v2\/types\/page"}],"author":[{"embeddable":true,"href":"https:\/\/vignoblestjeannet.fr\/es\/wp-json\/wp\/v2\/users\/1"}],"replies":[{"embeddable":true,"href":"https:\/\/vignoblestjeannet.fr\/es\/wp-json\/wp\/v2\/comments?post=3621"}],"version-history":[{"count":24,"href":"https:\/\/vignoblestjeannet.fr\/es\/wp-json\/wp\/v2\/pages\/3621\/revisions"}],"predecessor-version":[{"id":4633,"href":"https:\/\/vignoblestjeannet.fr\/es\/wp-json\/wp\/v2\/pages\/3621\/revisions\/4633"}],"up":[{"embeddable":true,"href":"https:\/\/vignoblestjeannet.fr\/es\/wp-json\/wp\/v2\/pages\/3505"}],"wp:attachment":[{"href":"https:\/\/vignoblestjeannet.fr\/es\/wp-json\/wp\/v2\/media?parent=3621"}],"curies":[{"name":"wp","href":"https:\/\/api.w.org\/{rel}","templated":true}]}}